{"id":799,"date":"2022-08-30T19:07:38","date_gmt":"2022-08-30T17:07:38","guid":{"rendered":"https:\/\/jorgenberge.no\/?page_id=799"},"modified":"2022-09-02T18:25:27","modified_gmt":"2022-09-02T16:25:27","slug":"opplaering","status":"publish","type":"page","link":"https:\/\/bergeit.no\/?page_id=799","title":{"rendered":"Oppl\u00e6ring"},"content":{"rendered":"\t\t<div data-elementor-type=\"wp-page\" data-elementor-id=\"799\" class=\"elementor elementor-799\" data-elementor-post-type=\"page\">\n\t\t\t\t<div class=\"elementor-element elementor-element-e06691f e-flex e-con-boxed e-con e-parent\" data-id=\"e06691f\" data-element_type=\"container\" data-e-type=\"container\">\n\t\t\t\t\t<div class=\"e-con-inner\">\n\t\t\t\t<div class=\"elementor-element elementor-element-ac91928 elementor-widget elementor-widget-text-editor\" data-id=\"ac91928\" data-element_type=\"widget\" data-e-type=\"widget\" data-widget_type=\"text-editor.default\">\n\t\t\t\t<div class=\"elementor-widget-container\">\n\t\t\t\t\t\t\t\t\t<p>Jeg kan tilby oppl\u00e6ring innen et bredt spekter til b\u00e5de privatpersoner, foreninger og bedrifter. Oppl\u00e6ringen skjer da gjerne en til en p\u00e5 brukernes egne enhet, og p\u00e5 det niv\u00e5et brukeren har behov for. Oppl\u00e6ringen kan gjerne gjennomf\u00f8res hjemme hos brukeren, eller der utstyret senere skal fungere.<\/p><p>Ved oppl\u00e6ring vil jeg sitte sammen med brukeren, og vi trykker oss sammen gjennom det brukeren har behov for \u00e5 l\u00e6re. Deretter kan brukeren gjerne pr\u00f8ve selv, med hjelpen i umiddelbar n\u00e6rhet, dersom brukeren\u00a0 setter seg fast. I en slik situasjon er ingen sp\u00f8rsm\u00e5l for dumme, og ingen tema er for enkelt \u00e5 skulle f\u00e5 oppl\u00e6ring i. Det er viktig for meg at brukeren f\u00f8ler seg komfortabel, og i minst mulig grad f\u00f8ler seg dum.<\/p><p>Oppl\u00e6ring kan gjennomf\u00f8res innen de samme temaene som kursing, eller du kan sende meg en foresp\u00f8rsel <a href=\"https:\/\/bergeit.no\/?page_id=869\">her<\/a> dersom du \u00f8nsker oppl\u00e6ring innen et annet tema. Jeg tar da kontakt med deg.<\/p>\t\t\t\t\t\t\t\t<\/div>\n\t\t\t\t<\/div>\n\t\t\t\t\t<\/div>\n\t\t\t\t<\/div>\n\t\t\t\t<\/div>\n\t\t","protected":false},"excerpt":{"rendered":"<p>Jeg kan tilby oppl\u00e6ring innen et bredt spekter til b\u00e5de privatpersoner, foreninger og bedrifter. Oppl\u00e6ringen skjer da gjerne en til en p\u00e5 brukernes egne enhet, og p\u00e5 det niv\u00e5et brukeren har behov for. Oppl\u00e6ringen kan gjerne gjennomf\u00f8res hjemme hos brukeren, eller der utstyret senere skal fungere. Ved oppl\u00e6ring vil jeg sitte sammen med brukeren, og [&hellip;]<\/p>\n","protected":false},"author":1,"featured_media":0,"parent":0,"menu_order":0,"comment_status":"closed","ping_status":"closed","template":"","meta":{"footnotes":""},"class_list":["post-799","page","type-page","status-publish","hentry"],"blocksy_meta":{"styles_descriptor":{"styles":{"desktop":"","tablet":"","mobile":""},"google_fonts":[],"version":6}},"_links":{"self":[{"href":"https:\/\/bergeit.no\/index.php?rest_route=\/wp\/v2\/pages\/799","targetHints":{"allow":["GET"]}}],"collection":[{"href":"https:\/\/bergeit.no\/index.php?rest_route=\/wp\/v2\/pages"}],"about":[{"href":"https:\/\/bergeit.no\/index.php?rest_route=\/wp\/v2\/types\/page"}],"author":[{"embeddable":true,"href":"https:\/\/bergeit.no\/index.php?rest_route=\/wp\/v2\/users\/1"}],"replies":[{"embeddable":true,"href":"https:\/\/bergeit.no\/index.php?rest_route=%2Fwp%2Fv2%2Fcomments&post=799"}],"version-history":[{"count":0,"href":"https:\/\/bergeit.no\/index.php?rest_route=\/wp\/v2\/pages\/799\/revisions"}],"wp:attachment":[{"href":"https:\/\/bergeit.no\/index.php?rest_route=%2Fwp%2Fv2%2Fmedia&parent=799"}],"curies":[{"name":"wp","href":"https:\/\/api.w.org\/{rel}","templated":true}]}}